{"id":2,"date":"2023-10-26T00:14:36","date_gmt":"2023-10-26T00:14:36","guid":{"rendered":"https:\/\/sinergiaagencylatam.com\/?page_id=2"},"modified":"2025-07-14T23:36:34","modified_gmt":"2025-07-15T04:36:34","slug":"home","status":"publish","type":"page","link":"https:\/\/sinergiaagencylatam.com\/","title":{"rendered":"Home"},"content":{"rendered":"<div class=\"wpb-content-wrapper\"><p>[vc_row wrap_container=\u00bbyes\u00bb no_padding=\u00bbyes\u00bb content_placement=\u00bbmiddle\u00bb el_class=\u00bbp-relative border-0 bg-quaternary overflow-hidden p-0&#8243; conditional_render=\u00bb%5B%7B%22value_role%22%3A%22administrator%22%7D%5D\u00bb css=\u00bb.vc_custom_1699629701496{background-color: #121212 !important;}\u00bb][vc_column el_class=\u00bbposition-absolute vw-100 vh-100 start-0 end-0 top-0 bottom-0 m-0 p-0&#8243; conditional_render=\u00bb%5B%7B%22value_role%22%3A%22administrator%22%7D%5D\u00bb]<div class=\"porto-u-heading custom-hero-heading mb-0 position-absolute bottom-0 start-0 w-100  wpb_custom_c07028a4a2dedbf3fad76fa1bc3dd6d6 porto-u-55ca8359258f9a412be7e73af65d2aac \" data-appear-animation=\"fadeInUp\" data-appear-animation-delay=\"600\"><style>.porto-u-55ca8359258f9a412be7e73af65d2aac.porto-u-heading{text-align:center}<\/style><\/div>[vc_raw_html el_class=\u00bbmb-0&#8243;]JTIwJTIwJTIwJTIwJTIwJTIwJTIwJTIwJTIwJTIwJTIwJTIwJTIwJTIwJTIwJTIwJTIwJTIwJTIwJTIwJTIwJTIwJTIwJTIwJTNDc3ZnJTIwdmlld0JveCUzRCUyMjAlMjAwJTIwMTAwJTIwMTAwJTIyJTIwcHJlc2VydmVBc3BlY3RSYXRpbyUzRCUyMnhNaWRZTWlkJTIwc2xpY2UlMjIlMjBjbGFzcyUzRCUyMnZ3LTEwMCUyMHZoLTEwMCUyMiUzRSUwQSUyMCUyMCUyMCUyMCUyMCUyMCUyMCUyMCUyMCUyMCUyMCUyMCUyMCUyMCUyMCUyMCUyMCUyMCUyMCUyMCUyMCUyMCUyMCUyMCUyMCUyMCUyMCUyMCUzQ2RlZnMlM0UlMEElMjAlMjAlMjAlMjAlMjAlMjAlMjAlMjAlMjAlMjAlMjAlMjAlMjAlMjAlMjAlMjAlMjAlMjAlMjAlMjAlMjAlMjAlMjAlMjAlMjAlMjAlMjAlMjAlMjAlMjAlMjAlMjAlM0NyYWRpYWxHcmFkaWVudCUyMGlkJTNEJTIyR3JhZGllbnQxJTIyJTIwY3glM0QlMjI1MCUyNSUyMiUyMGN5JTNEJTIyNTAlMjUlMjIlMjBmeCUzRCUyMjAuNDQxNjAyJTI1JTIyJTIwZnklM0QlMjI1MCUyNSUyMiUyMHIlM0QlMjIuNSUyMiUzRSUwQSUyMCUyMCUyMCUyMCUyMCUyMCUyMCUyMCUyMCUyMCUyMCUyMCUyMCUyMCUyMCUyMCUyMCUyMCUyMCUyMCUyMCUyMCUyMCUyMCUyMCUyMCUyMCUyMCUyMCUyMCUyMCUyMCUyMCUyMCUyMCUyMCUzQ2FuaW1hdGUlMjBhdHRyaWJ1dGVOYW1lJTNEJTIyZnglMjIlMjBkdXIlM0QlMjIzNHMlMjIlMjB2YWx1ZXMlM0QlMjIwJTI1JTNCMyUyNSUzQjAlMjUlMjIlMjByZXBlYXRDb3VudCUzRCUyMmluZGVmaW5pdGUlMjIlM0UlM0MlMkZhbmltYXRlJTNFJTBBJTIwJTIwJTIwJTIwJTIwJTIwJTIwJTIwJTIwJTIwJTIwJTIwJTIwJTIwJTIwJTIwJTIwJTIwJTIwJTIwJTIwJTIwJTIwJTIwJTIwJTIwJTIwJTIwJTIwJTIwJTIwJTIwJTIwJTIwJTIwJTIwJTNDc3RvcCUyMG9mZnNldCUzRCUyMjAlMjUlMjIlMjBzdG9wLWNvbG9yJTNEJTIydmFyJTI4LS1wb3J0by1wcmltYXJ5LWNvbG9yJTI5JTIyJTIwc3RvcC1vcGFjaXR5JTNEJTIyMC4zJTIyJTNFJTNDJTJGc3RvcCUzRSUwQSUyMCUyMCUyMCUyMCUyMCUyMCUyMCUyMCUyMCUyMCUyMCUyMCUyMCUyMCUyMCUyMCUyMCUyMCUyMCUyMCUyMCUyMCUyMCUyMCUyMCUyMCUyMCUyMCUyMCUyMCUyMCUyMCUyMCUyMCUyMCUyMCUzQ3N0b3AlMjBvZmZzZXQlM0QlMjIxMDAlMjUlMjIlMjBzdG9wLWNvbG9yJTNEJTIydmFyJTI4LS1wb3J0by1wcmltYXJ5LWNvbG9yJTI5JTIyJTIwc3RvcC1vcGFjaXR5JTNEJTIyMCUyMiUzRSUzQyUyRnN0b3AlM0UlMEElMjAlMjAlMjAlMjAlMjAlMjAlMjAlMjAlMjAlMjAlMjAlMjAlMjAlMjAlMjAlMjAlMjAlMjAlMjAlMjAlMjAlMjAlMjAlMjAlMjAlMjAlMjAlMjAlMjAlMjAlMjAlMjAlM0MlMkZyYWRpYWxHcmFkaWVudCUzRSUwQSUyMCUyMCUyMCUyMCUyMCUyMCUyMCUyMCUyMCUyMCUyMCUyMCUyMCUyMCUyMCUyMCUyMCUyMCUyMCUyMCUyMCUyMCUyMCUyMCUyMCUyMCUyMCUyMCUzQyUyRmRlZnMlM0UlMEElMjAlMjAlMjAlMjAlMjAlMjAlMjAlMjAlMjAlMjAlMjAlMjAlMjAlMjAlMjAlMjAlMjAlMjAlMjAlMjAlMjAlMjAlMjAlMjAlMjAlMjAlMjAlMjAlM0NyZWN0JTIweCUzRCUyMjEzLjc0NCUyNSUyMiUyMHklM0QlMjIxLjE4NDczJTI1JTIyJTIwd2lkdGglM0QlMjIxMDAlMjUlMjIlMjBoZWlnaHQlM0QlMjIxMDAlMjUlMjIlMjBmaWxsJTNEJTIydXJsJTI4JTIzR3JhZGllbnQxJTI5JTIyJTIwdHJhbnNmb3JtJTNEJTIycm90YXRlJTI4MzM0LjQxJTIwNTAlMjA1MCUyOSUyMiUzRSUwQSUyMCUyMCUyMCUyMCUyMCUyMCUyMCUyMCUyMCUyMCUyMCUyMCUyMCUyMCUyMCUyMCUyMCUyMCUyMCUyMCUyMCUyMCUyMCUyMCUyMCUyMCUyMCUyMCUyMCUyMCUyMCUyMCUzQ2FuaW1hdGUlMjBhdHRyaWJ1dGVOYW1lJTNEJTIyeCUyMiUyMGR1ciUzRCUyMjIwcyUyMiUyMHZhbHVlcyUzRCUyMjI1JTI1JTNCMCUyNSUzQjI1JTI1JTIyJTIwcmVwZWF0Q291bnQlM0QlMjJpbmRlZmluaXRlJTIyJTNFJTNDJTJGYW5pbWF0ZSUzRSUwQSUyMCUyMCUyMCUyMCUyMCUyMCUyMCUyMCUyMCUyMCUyMCUyMCUyMCUyMCUyMCUyMCUyMCUyMCUyMCUyMCUyMCUyMCUyMCUyMCUyMCUyMCUyMCUyMCUyMCUyMCUyMCUyMCUzQ2FuaW1hdGUlMjBhdHRyaWJ1dGVOYW1lJTNEJTIyeSUyMiUyMGR1ciUzRCUyMjIxcyUyMiUyMHZhbHVlcyUzRCUyMjAlMjUlM0IyNSUyNSUzQjAlMjUlMjIlMjByZXBlYXRDb3VudCUzRCUyMmluZGVmaW5pdGUlMjIlM0UlM0MlMkZhbmltYXRlJTNFJTBBJTIwJTIwJTIwJTIwJTIwJTIwJTIwJTIwJTIwJTIwJTIwJTIwJTIwJTIwJTIwJTIwJTIwJTIwJTIwJTIwJTIwJTIwJTIwJTIwJTIwJTIwJTIwJTIwJTIwJTIwJTIwJTIwJTNDYW5pbWF0ZVRyYW5zZm9ybSUyMGF0dHJpYnV0ZU5hbWUlM0QlMjJ0cmFuc2Zvcm0lMjIlMjB0eXBlJTNEJTIycm90YXRlJTIyJTIwZnJvbSUzRCUyMjAlMjA1MCUyMDUwJTIyJTIwdG8lM0QlMjIzNjAlMjA1MCUyMDUwJTIyJTIwZHVyJTNEJTIyN3MlMjIlMjByZXBlYXRDb3VudCUzRCUyMmluZGVmaW5pdGUlMjIlM0UlM0MlMkZhbmltYXRlVHJhbnNmb3JtJTNFJTBBJTIwJTIwJTIwJTIwJTIwJTIwJTIwJTIwJTIwJTIwJTIwJTIwJTIwJTIwJTIwJTIwJTIwJTIwJTIwJTIwJTIwJTIwJTIwJTIwJTIwJTIwJTIwJTIwJTNDJTJGcmVjdCUzRSUwQSUyMCUyMCUyMCUyMCUyMCUyMCUyMCUyMCUyMCUyMCUyMCUyMCUyMCUyMCUyMCUyMCUyMCUyMCUyMCUyMCUyMCUyMCUyMCUyMCUzQyUyRnN2ZyUzRQ==[\/vc_raw_html]<div class=\"porto-ultimate-content-box-container mb-0 custom-el-1 position-absolute\" data-appear-animation=\"fadeIn\" data-appear-animation-delay=\"200\"><div class=\"porto-ultimate-content-box porto_ucb_e35a9346cd70594d63c013acc42ebe9d\" style=\"\">[vc_single_image image=\u00bb6&#8243; img_size=\u00bb140&#215;140&#8243; css=\u00bb.vc_custom_1698706209928{margin-bottom: -100px !important;}\u00bb][vc_single_image image=\u00bb6&#8243; img_size=\u00bb140&#215;140&#8243; css=\u00bb.vc_custom_1698706209928{margin-bottom: -100px !important;}\u00bb][vc_single_image image=\u00bb6&#8243; img_size=\u00bb140&#215;140&#8243; css=\u00bb.vc_custom_1698706330075{margin-bottom: -100px !important;}\u00bb]<\/div><\/div><div class=\"porto-ultimate-content-box-container mb-0 custom-el-2 position-absolute\" data-appear-animation=\"fadeIn\" data-appear-animation-delay=\"400\"><div class=\"porto-ultimate-content-box porto_ucb_e35a9346cd70594d63c013acc42ebe9d\" style=\"\">[vc_single_image image=\u00bb6&#8243; img_size=\u00bb70&#215;70&#8243; css=\u00bb.vc_custom_1698706574188{margin-bottom: -47px !important;}\u00bb][vc_single_image image=\u00bb6&#8243; img_size=\u00bb70&#215;70&#8243; css=\u00bb.vc_custom_1698706574188{margin-bottom: -47px !important;}\u00bb][vc_single_image image=\u00bb6&#8243; img_size=\u00bb70&#215;70&#8243; css=\u00bb.vc_custom_1698706574188{margin-bottom: -47px !important;}\u00bb]<\/div><\/div>[\/vc_column][vc_column el_class=\u00bbd-flex align-items-center min-vh-100&#8243; conditional_render=\u00bb%5B%7B%22value_role%22%3A%22administrator%22%7D%5D\u00bb offset=\u00bbvc_col-md-8&#8243;]<div class=\"porto-u-heading mb-1  wpb_custom_b7ab232448751b4d20f55c1ffa353318 porto-u-4f52cbb9054751ad1b5d61a5dccdd47f \" data-appear-animation=\"fadeInUp\" data-appear-animation-delay=\"200\"><div class=\"porto-u-main-heading\"><h2   style=\"color:#969696;\">Ideas que hacen clic<\/h2><\/div><style>.porto-u-4f52cbb9054751ad1b5d61a5dccdd47f.porto-u-heading{text-align:left} @media(max-width:991px){ .porto-u-4f52cbb9054751ad1b5d61a5dccdd47f.porto-u-heading{text-align:center}}<\/style><\/div><div class=\"porto-u-heading custom-hero-font-1 pb-2 mb-4  wpb_custom_4d697698dd9a90c6955b1eda57818a49 porto-u-4f52cbb9054751ad1b5d61a5dccdd47f \" data-appear-animation=\"fadeInUp\" data-appear-animation-delay=\"400\"><div class=\"porto-u-main-heading\"><h2   style=\"color:#ffffff;\">Con tu marca, con tu audiencia, con el futuro.<\/h2><\/div><div class=\"porto-u-sub-heading\" style=\"\">Estrategia, creatividad y tecnolog\u00eda dise\u00f1adas para acelerar tu crecimiento<\/div><style>.porto-u-4f52cbb9054751ad1b5d61a5dccdd47f.porto-u-heading{text-align:left} @media(max-width:991px){ .porto-u-4f52cbb9054751ad1b5d61a5dccdd47f.porto-u-heading{text-align:center}}<\/style><\/div>[vc_btn title=\u00bbDescubre nuestros servicios\u00bb style=\u00bbmodern\u00bb shape=\u00bbsquare\u00bb align=\u00bbleft\u00bb i_align=\u00bbright\u00bb i_icon_fontawesome=\u00bbfas fa-arrow-right\u00bb css=\u00bb.vc_custom_1752507890617{background-color: #ffffff !important;border-color: rgba(0,0,0,0.01) !important;}\u00bb skin=\u00bbprimary\u00bb btn_fs=\u00bb14px\u00bb btn_fw=\u00bb600&#8243; btn_ls=\u00bb0&#8243; el_cls=\u00bbpx-2 py-1 text-dark text-capitalize\u00bb animation_delay=\u00bb600&#8243; add_icon=\u00bbtrue\u00bb link=\u00bburl:%23&#8243; btn_icon_size=\u00bb{\u00abxl\u00ab:\u00ab14\u00ab,\u00abunit\u00ab:\u00ab\u00ab,\u00abxs\u00ab:\u00ab\u00ab,\u00absm\u00ab:\u00ab\u00ab,\u00abmd\u00ab:\u00ab\u00ab,\u00ablg\u00ab:\u00ab\u00ab}\u00bb btn_icon_spacing=\u00bb{\u00abxl\u00ab:\u00ab8\u00ab,\u00abunit\u00ab:\u00ab\u00ab,\u00abxs\u00ab:\u00ab\u00ab,\u00absm\u00ab:\u00ab\u00ab,\u00abmd\u00ab:\u00ab\u00ab,\u00ablg\u00ab:\u00ab\u00ab}\u00bb el_class=\u00bbmb-0 rotate-45-icon text-center text-lg-start\u00bb animation_type=\u00bbfadeIn\u00bb css_params=\u00bb\u00bb][\/vc_column][\/vc_row][vc_row wrap_container=\u00bbyes\u00bb css=\u00bb.vc_custom_1698707749655{margin-top: -70px !important;}\u00bb conditional_render=\u00bb%5B%7B%22value_role%22%3A%22administrator%22%7D%5D\u00bb][vc_column animation_delay=\u00bb200&#8243; animation_type=\u00bbfadeIn\u00bb conditional_render=\u00bb%5B%7B%22value_role%22%3A%22administrator%22%7D%5D\u00bb][porto_tb_posts post_type=\u00bbservice\u00bb orderby=\u00bbid\u00bb order=\u00bbASC\u00bb spacing=\u00bb0&#8243; columns_tablet=\u00bb2&#8243; columns_mobile=\u00bb1&#8243; builder_id=\u00bb83&#8243;][\/vc_column][\/vc_row][vc_row wrap_container=\u00bbyes\u00bb css=\u00bb.vc_custom_1698738824859{padding-top: 68px !important;}\u00bb conditional_render=\u00bb%5B%7B%22value_role%22%3A%22administrator%22%7D%5D\u00bb][vc_column el_class=\u00bbpy-3 py-md-5&#8243; conditional_render=\u00bb%5B%7B%22value_role%22%3A%22administrator%22%7D%5D\u00bb offset=\u00bbvc_col-md-6&#8243; css_params=\u00bb\u00bb][vc_gallery interval=\u00bb5&#8243; images=\u00bb524,522,516,520&#8243; img_size=\u00bbfull\u00bb css=\u00bb\u00bb css_params=\u00bb\u00bb][\/vc_column][vc_column el_class=\u00bbmt-5 mt-md-0 py-3 py-md-5&#8243; conditional_render=\u00bb%5B%7B%22value_role%22%3A%22administrator%22%7D%5D\u00bb css=\u00bb.vc_custom_1698769780310{background-color: #ffffff !important;}\u00bb offset=\u00bbvc_col-md-6&#8243;][vc_custom_heading text=\u00bbValores\u00bb font_container=\u00bbtag:h2|font_size:3em|text_align:left|line_height:1.3&#8243; use_theme_fonts=\u00bbyes\u00bb font_weight=\u00bb600&#8243; skin=\u00bbdark\u00bb letter_spacing=\u00bb-0.05em\u00bb animation_delay=\u00bb250&#8243; el_class=\u00bbmb-4 mb-lg-3 mb-xl-4 ca2-title\u00bb animation_type=\u00bbfadeInUp\u00bb css_params=\u00bb\u00bb][vc_custom_heading text=\u00bb\u2022 Innovar con sentido<br \/>\nNo se trata solo de ideas creativas, sino de soluciones que funcionan y marcan diferencia.\u00bb font_container=\u00bbtag:p|font_size:1.35em|text_align:left|color:%23121212|line_height:1.7&#8243; use_theme_fonts=\u00bbyes\u00bb font_weight=\u00bb400&#8243; skin=\u00bbdark\u00bb letter_spacing=\u00bb0&#8243; animation_delay=\u00bb500&#8243; el_class=\u00bbpb-1 mb-4 mb-lg-2 mb-xl-4&#8243; animation_type=\u00bbfadeInUp\u00bb css_params=\u00bb\u00bb][vc_custom_heading text=\u00bb\u2022 Hacerlo bien, siempre<br \/>\nNos enfocamos en la calidad desde el inicio hasta la entrega final, sin atajos.\u00bb font_container=\u00bbtag:p|font_size:1.35em|text_align:left|color:%23121212|line_height:1.7&#8243; use_theme_fonts=\u00bbyes\u00bb font_weight=\u00bb400&#8243; skin=\u00bbdark\u00bb letter_spacing=\u00bb0&#8243; animation_delay=\u00bb500&#8243; el_class=\u00bbpb-1 mb-4 mb-lg-2 mb-xl-4&#8243; animation_type=\u00bbfadeInUp\u00bb css_params=\u00bb\u00bb][vc_custom_heading text=\u00bb\u2022 Comunicaci\u00f3n clara<br \/>\nHablamos directo, con transparencia y compromiso en cada paso del proceso.\u00bb font_container=\u00bbtag:p|font_size:1.35em|text_align:left|color:%23121212|line_height:1.7&#8243; use_theme_fonts=\u00bbyes\u00bb font_weight=\u00bb400&#8243; skin=\u00bbdark\u00bb letter_spacing=\u00bb0&#8243; animation_delay=\u00bb500&#8243; el_class=\u00bbpb-1 mb-4 mb-lg-2 mb-xl-4&#8243; animation_type=\u00bbfadeInUp\u00bb css_params=\u00bb\u00bb][vc_custom_heading text=\u00bb\u2022 Creatividad \u00fatil<br \/>\nCreamos para resolver, conectar y generar resultados reales, no solo para impresionar.\u00bb font_container=\u00bbtag:p|font_size:1.35em|text_align:left|color:%23121212|line_height:1.7&#8243; use_theme_fonts=\u00bbyes\u00bb font_weight=\u00bb400&#8243; skin=\u00bbdark\u00bb letter_spacing=\u00bb0&#8243; animation_delay=\u00bb500&#8243; el_class=\u00bbpb-1 mb-4 mb-lg-2 mb-xl-4&#8243; animation_type=\u00bbfadeInUp\u00bb css_params=\u00bb\u00bb][vc_custom_heading text=\u00bb\u2022 Adaptarnos r\u00e1pido<br \/>\nSabemos que todo cambia, por eso actuamos con agilidad y sin perder el enfoque.\u00bb font_container=\u00bbtag:p|font_size:1.35em|text_align:left|color:%23121212|line_height:1.7&#8243; use_theme_fonts=\u00bbyes\u00bb font_weight=\u00bb400&#8243; skin=\u00bbdark\u00bb letter_spacing=\u00bb0&#8243; animation_delay=\u00bb500&#8243; el_class=\u00bbpb-1 mb-4 mb-lg-2 mb-xl-4&#8243; animation_type=\u00bbfadeInUp\u00bb css_params=\u00bb\u00bb][vc_custom_heading text=\u00bb\u2022 Metodolog\u00eda con estructura flexible<br \/>\nSeguimos procesos claros que nos dan orden, pero los adaptamos seg\u00fan el proyecto, el cliente y el reto. Nos gusta tener rumbo, sin rigidez.\u00bb font_container=\u00bbtag:p|font_size:1.35em|text_align:left|color:%23121212|line_height:1.7&#8243; use_theme_fonts=\u00bbyes\u00bb font_weight=\u00bb400&#8243; skin=\u00bbdark\u00bb letter_spacing=\u00bb0&#8243; animation_delay=\u00bb500&#8243; el_class=\u00bbpb-1 mb-4 mb-lg-2 mb-xl-4&#8243; animation_type=\u00bbfadeInUp\u00bb css_params=\u00bb\u00bb][vc_custom_heading text=\u00bb\u00bb font_container=\u00bbtag:p|font_size:1.35em|text_align:left|color:%23121212|line_height:1.7&#8243; use_theme_fonts=\u00bbyes\u00bb font_weight=\u00bb400&#8243; skin=\u00bbdark\u00bb letter_spacing=\u00bb0&#8243; animation_delay=\u00bb500&#8243; el_class=\u00bbpb-1 mb-4 mb-lg-2 mb-xl-4&#8243; animation_type=\u00bbfadeInUp\u00bb css_params=\u00bb\u00bb][\/vc_column][\/vc_row][vc_row wrap_container=\u00bbyes\u00bb content_placement=\u00bbmiddle\u00bb css=\u00bb.vc_custom_1698773328484{margin-top: -70px !important;padding-top: 94px !important;padding-bottom: 25px !important;background: #121212 url(\/\/sw-themes.com\/porto_dummy\/wp-content\/uploads\/2023\/10\/ca2-background-1.jpg?id=169) !important;background-position: center !important;background-repeat: no-repeat !important;background-size: cover !important;}\u00bb conditional_render=\u00bb%5B%7B%22value_role%22%3A%22administrator%22%7D%5D\u00bb][vc_column width=\u00bb1\/2&#8243; el_class=\u00bbpy-lg-5 my-5&#8243; conditional_render=\u00bb%5B%7B%22value_role%22%3A%22administrator%22%7D%5D\u00bb offset=\u00bbvc_col-md-5&#8243;][vc_custom_heading text=\u00bbExcelentes resultados por m\u00e1s de 10 a\u00f1os en Panam\u00e1, Centroam\u00e9rica y el Caribe.\u00bb font_container=\u00bbtag:h2|font_size:3em|text_align:left|color:%23ffffff|line_height:1.3&#8243; use_theme_fonts=\u00bbyes\u00bb font_weight=\u00bb600&#8243; letter_spacing=\u00bb-0.05em\u00bb animation_delay=\u00bb250&#8243; el_class=\u00bbmb-4 mb-lg-3 mb-xl-4 ca2-title\u00bb animation_type=\u00bbfadeInUp\u00bb css_params=\u00bb\u00bb][\/vc_column][vc_column width=\u00bb1\/2&#8243;][vc_column_text css_animation=\u00bbnone\u00bb css=\u00bb\u00bb text_color=\u00bbvar(&#8211;porto-primary-color)\u00bb css_params=\u00bb\u00bb]<\/p>\n<h2><\/h2>\n<h2><\/h2>\n<h2>Impulsando marcas con estrategia, creatividad y visi\u00f3n regional.<\/h2>\n<p>&nbsp;[\/vc_column_text][\/vc_column][\/vc_row][vc_row el_class=\u00bbpy-1&#8243; conditional_render=\u00bb%5B%7B%22value_role%22%3A%22administrator%22%7D%5D\u00bb][vc_column el_class=\u00bbpt-5 mt-3&#8243; conditional_render=\u00bb%5B%7B%22value_role%22%3A%22administrator%22%7D%5D\u00bb][vc_custom_heading text=\u00bbClientes que han confiado en nosotros\u00bb font_container=\u00bbtag:h2|font_size:2em|text_align:center|color:%23121212|line_height:24px\u00bb use_theme_fonts=\u00bbyes\u00bb font_weight=\u00bb600&#8243; letter_spacing=\u00bb-0.05em\u00bb el_class=\u00bbmy-4 pt-3&#8243; css_params=\u00bb\u00bb][\/vc_column][\/vc_row][vc_row el_class=\u00bbposition-relative overflow-hidden\u00bb conditional_render=\u00bb%5B%7B%22value_role%22%3A%22administrator%22%7D%5D\u00bb][vc_column]<div class=\"porto-ultimate-content-box-container pt-4 custom-marquee-1\"><div class=\"porto-ultimate-content-box has-content-pos justify-content-center porto_ucb_e35a9346cd70594d63c013acc42ebe9d\" style=\"\">[vc_single_image image=\u00bb208&#8243; img_size=\u00bbfull\u00bb el_class=\u00bbpx-5 py-1 mb-0 max-w-90 d-flex align-items-center\u00bb][vc_single_image image=\u00bb213&#8243; img_size=\u00bbfull\u00bb el_class=\u00bbpx-5 py-1 mb-0 max-w-140 d-flex align-items-center\u00bb][vc_single_image image=\u00bb216&#8243; img_size=\u00bbfull\u00bb el_class=\u00bbpx-5 py-1 mb-0 max-w-140 d-flex align-items-center\u00bb][vc_single_image image=\u00bb218&#8243; img_size=\u00bbfull\u00bb el_class=\u00bbpx-5 py-1 mb-0 max-w-140 d-flex align-items-center\u00bb][vc_single_image image=\u00bb219&#8243; img_size=\u00bbfull\u00bb el_class=\u00bbpx-5 py-1 mb-0 max-w-100 d-flex align-items-center\u00bb][vc_single_image image=\u00bb221&#8243; img_size=\u00bbfull\u00bb el_class=\u00bbpx-5 py-1 mb-0 max-w-100 d-flex align-items-center\u00bb][vc_single_image image=\u00bb208&#8243; img_size=\u00bbfull\u00bb el_class=\u00bbpx-5 py-1 mb-0 max-w-90 d-flex align-items-center\u00bb][vc_single_image image=\u00bb213&#8243; img_size=\u00bbfull\u00bb el_class=\u00bbpx-5 py-1 mb-0 max-w-140 d-flex align-items-center\u00bb][vc_single_image image=\u00bb216&#8243; img_size=\u00bbfull\u00bb el_class=\u00bbpx-5 py-1 mb-0 max-w-140 d-flex align-items-center\u00bb][vc_single_image image=\u00bb218&#8243; img_size=\u00bbfull\u00bb el_class=\u00bbpx-5 py-1 mb-0 max-w-140 d-flex align-items-center\u00bb][vc_single_image image=\u00bb219&#8243; img_size=\u00bbfull\u00bb el_class=\u00bbpx-5 py-1 mb-0 max-w-100 d-flex align-items-center\u00bb][vc_single_image image=\u00bb221&#8243; img_size=\u00bbfull\u00bb el_class=\u00bbpx-5 py-1 mb-0 max-w-100 d-flex align-items-center\u00bb][vc_single_image image=\u00bb208&#8243; img_size=\u00bbfull\u00bb el_class=\u00bbpx-5 py-1 mb-0 max-w-90 d-flex align-items-center\u00bb][vc_single_image image=\u00bb213&#8243; img_size=\u00bbfull\u00bb el_class=\u00bbpx-5 py-1 mb-0 max-w-140 d-flex align-items-center\u00bb][vc_single_image image=\u00bb216&#8243; img_size=\u00bbfull\u00bb el_class=\u00bbpx-5 py-1 mb-0 max-w-140 d-flex align-items-center\u00bb][vc_single_image image=\u00bb218&#8243; img_size=\u00bbfull\u00bb el_class=\u00bbpx-5 py-1 mb-0 max-w-140 d-flex align-items-center\u00bb][vc_single_image image=\u00bb219&#8243; img_size=\u00bbfull\u00bb el_class=\u00bbpx-5 py-1 mb-0 max-w-100 d-flex align-items-center\u00bb][vc_single_image image=\u00bb221&#8243; img_size=\u00bbfull\u00bb el_class=\u00bbpx-5 py-1 mb-0 max-w-100 d-flex align-items-center\u00bb]<\/div><\/div>[\/vc_column][\/vc_row][vc_row wrap_container=\u00bbyes\u00bb el_class=\u00bbpy-1&#8243; conditional_render=\u00bb%5B%7B%22value_role%22%3A%22administrator%22%7D%5D\u00bb][vc_column el_class=\u00bbpt-5 pb-lg-5 my-3&#8243; conditional_render=\u00bb%5B%7B%22value_role%22%3A%22administrator%22%7D%5D\u00bb][\/vc_column][\/vc_row]<\/p>\n<\/div>","protected":false},"excerpt":{"rendered":"<p>[vc_row wrap_container=\u00bbyes\u00bb no_padding=\u00bbyes\u00bb content_placement=\u00bbmiddle\u00bb el_class=\u00bbp-relative border-0 bg-quaternary overflow-hidden p-0&#8243; conditional_render=\u00bb%5B%7B%22value_role%22%3A%22administrator%22%7D%5D\u00bb css=\u00bb.vc_custom_1699629701496{background-color: #121212 !important;}\u00bb][vc_column el_class=\u00bbposition-absolute vw-100 vh-100 start-0 end-0 top-0 bottom-0 m-0 p-0&#8243; conditional_render=\u00bb%5B%7B%22value_role%22%3A%22administrator%22%7D%5D\u00bb][vc_raw_html el_class=\u00bbmb-0&#8243;]JTIwJTIwJTIwJTIwJTIwJTIwJTIwJTIwJTIwJTIwJTIwJTIwJTIwJTIwJTIwJTIwJTIwJTIwJTIwJTIwJTIwJTIwJTIwJTIwJTNDc3ZnJTIwdmlld0JveCUzRCUyMjAlMjAwJTIwMTAwJTIwMTAwJTIyJTIwcHJlc2VydmVBc3BlY3RSYXRpbyUzRCUyMnhNaWRZTWlkJTIwc2xpY2UlMjIlMjBjbGFzcyUzRCUyMnZ3LTEwMCUyMHZoLTEwMCUyMiUzRSUwQSUyMCUyMCUyMCUyMCUyMCUyMCUyMCUyMCUyMCUyMCUyMCUyMCUyMCUyMCUyMCUyMCUyMCUyMCUyMCUyMCUyMCUyMCUyMCUyMCUyMCUyMCUyMCUyMCUzQ2RlZnMlM0UlMEElMjAlMjAlMjAlMjAlMjAlMjAlMjAlMjAlMjAlMjAlMjAlMjAlMjAlMjAlMjAlMjAlMjAlMjAlMjAlMjAlMjAlMjAlMjAlMjAlMjAlMjAlMjAlMjAlMjAlMjAlMjAlMjAlM0NyYWRpYWxHcmFkaWVudCUyMGlkJTNEJTIyR3JhZGllbnQxJTIyJTIwY3glM0QlMjI1MCUyNSUyMiUyMGN5JTNEJTIyNTAlMjUlMjIlMjBmeCUzRCUyMjAuNDQxNjAyJTI1JTIyJTIwZnklM0QlMjI1MCUyNSUyMiUyMHIlM0QlMjIuNSUyMiUzRSUwQSUyMCUyMCUyMCUyMCUyMCUyMCUyMCUyMCUyMCUyMCUyMCUyMCUyMCUyMCUyMCUyMCUyMCUyMCUyMCUyMCUyMCUyMCUyMCUyMCUyMCUyMCUyMCUyMCUyMCUyMCUyMCUyMCUyMCUyMCUyMCUyMCUzQ2FuaW1hdGUlMjBhdHRyaWJ1dGVOYW1lJTNEJTIyZnglMjIlMjBkdXIlM0QlMjIzNHMlMjIlMjB2YWx1ZXMlM0QlMjIwJTI1JTNCMyUyNSUzQjAlMjUlMjIlMjByZXBlYXRDb3VudCUzRCUyMmluZGVmaW5pdGUlMjIlM0UlM0MlMkZhbmltYXRlJTNFJTBBJTIwJTIwJTIwJTIwJTIwJTIwJTIwJTIwJTIwJTIwJTIwJTIwJTIwJTIwJTIwJTIwJTIwJTIwJTIwJTIwJTIwJTIwJTIwJTIwJTIwJTIwJTIwJTIwJTIwJTIwJTIwJTIwJTIwJTIwJTIwJTIwJTNDc3RvcCUyMG9mZnNldCUzRCUyMjAlMjUlMjIlMjBzdG9wLWNvbG9yJTNEJTIydmFyJTI4LS1wb3J0by1wcmltYXJ5LWNvbG9yJTI5JTIyJTIwc3RvcC1vcGFjaXR5JTNEJTIyMC4zJTIyJTNFJTNDJTJGc3RvcCUzRSUwQSUyMCUyMCUyMCUyMCUyMCUyMCUyMCUyMCUyMCUyMCUyMCUyMCUyMCUyMCUyMCUyMCUyMCUyMCUyMCUyMCUyMCUyMCUyMCUyMCUyMCUyMCUyMCUyMCUyMCUyMCUyMCUyMCUyMCUyMCUyMCUyMCUzQ3N0b3AlMjBvZmZzZXQlM0QlMjIxMDAlMjUlMjIlMjBzdG9wLWNvbG9yJTNEJTIydmFyJTI4LS1wb3J0by1wcmltYXJ5LWNvbG9yJTI5JTIyJTIwc3RvcC1vcGFjaXR5JTNEJTIyMCUyMiUzRSUzQyUyRnN0b3AlM0UlMEElMjAlMjAlMjAlMjAlMjAlMjAlMjAlMjAlMjAlMjAlMjAlMjAlMjAlMjAlMjAlMjAlMjAlMjAlMjAlMjAlMjAlMjAlMjAlMjAlMjAlMjAlMjAlMjAlMjAlMjAlMjAlMjAlM0MlMkZyYWRpYWxHcmFkaWVudCUzRSUwQSUyMCUyMCUyMCUyMCUyMCUyMCUyMCUyMCUyMCUyMCUyMCUyMCUyMCUyMCUyMCUyMCUyMCUyMCUyMCUyMCUyMCUyMCUyMCUyMCUyMCUyMCUyMCUyMCUzQyUyRmRlZnMlM0UlMEElMjAlMjAlMjAlMjAlMjAlMjAlMjAlMjAlMjAlMjAlMjAlMjAlMjAlMjAlMjAlMjAlMjAlMjAlMjAlMjAlMjAlMjAlMjAlMjAlMjAlMjAlMjAlMjAlM0NyZWN0JTIweCUzRCUyMjEzLjc0NCUyNSUyMiUyMHklM0QlMjIxLjE4NDczJTI1JTIyJTIwd2lkdGglM0QlMjIxMDAlMjUlMjIlMjBoZWlnaHQlM0QlMjIxMDAlMjUlMjIlMjBmaWxsJTNEJTIydXJsJTI4JTIzR3JhZGllbnQxJTI5JTIyJTIwdHJhbnNmb3JtJTNEJTIycm90YXRlJTI4MzM0LjQxJTIwNTAlMjA1MCUyOSUyMiUzRSUwQSUyMCUyMCUyMCUyMCUyMCUyMCUyMCUyMCUyMCUyMCUyMCUyMCUyMCUyMCUyMCUyMCUyMCUyMCUyMCUyMCUyMCUyMCUyMCUyMCUyMCUyMCUyMCUyMCUyMCUyMCUyMCUyMCUzQ2FuaW1hdGUlMjBhdHRyaWJ1dGVOYW1lJTNEJTIyeCUyMiUyMGR1ciUzRCUyMjIwcyUyMiUyMHZhbHVlcyUzRCUyMjI1JTI1JTNCMCUyNSUzQjI1JTI1JTIyJTIwcmVwZWF0Q291bnQlM0QlMjJpbmRlZmluaXRlJTIyJTNFJTNDJTJGYW5pbWF0ZSUzRSUwQSUyMCUyMCUyMCUyMCUyMCUyMCUyMCUyMCUyMCUyMCUyMCUyMCUyMCUyMCUyMCUyMCUyMCUyMCUyMCUyMCUyMCUyMCUyMCUyMCUyMCUyMCUyMCUyMCUyMCUyMCUyMCUyMCUzQ2FuaW1hdGUlMjBhdHRyaWJ1dGVOYW1lJTNEJTIyeSUyMiUyMGR1ciUzRCUyMjIxcyUyMiUyMHZhbHVlcyUzRCUyMjAlMjUlM0IyNSUyNSUzQjAlMjUlMjIlMjByZXBlYXRDb3VudCUzRCUyMmluZGVmaW5pdGUlMjIlM0UlM0MlMkZhbmltYXRlJTNFJTBBJTIwJTIwJTIwJTIwJTIwJTIwJTIwJTIwJTIwJTIwJTIwJTIwJTIwJTIwJTIwJTIwJTIwJTIwJTIwJTIwJTIwJTIwJTIwJTIwJTIwJTIwJTIwJTIwJTIwJTIwJTIwJTIwJTNDYW5pbWF0ZVRyYW5zZm9ybSUyMGF0dHJpYnV0ZU5hbWUlM0QlMjJ0cmFuc2Zvcm0lMjIlMjB0eXBlJTNEJTIycm90YXRlJTIyJTIwZnJvbSUzRCUyMjAlMjA1MCUyMDUwJTIyJTIwdG8lM0QlMjIzNjAlMjA1MCUyMDUwJTIyJTIwZHVyJTNEJTIyN3MlMjIlMjByZXBlYXRDb3VudCUzRCUyMmluZGVmaW5pdGUlMjIlM0UlM0MlMkZhbmltYXRlVHJhbnNmb3JtJTNFJTBBJTIwJTIwJTIwJTIwJTIwJTIwJTIwJTIwJTIwJTIwJTIwJTIwJTIwJTIwJTIwJTIwJTIwJTIwJTIwJTIwJTIwJTIwJTIwJTIwJTIwJTIwJTIwJTIwJTNDJTJGcmVjdCUzRSUwQSUyMCUyMCUyMCUyMCUyMCUyMCUyMCUyMCUyMCUyMCUyMCUyMCUyMCUyMCUyMCUyMCUyMCUyMCUyMCUyMCUyMCUyMCUyMCUyMCUzQyUyRnN2ZyUzRQ==[\/vc_raw_html][\/vc_column][vc_column el_class=\u00bbd-flex align-items-center min-vh-100&#8243; conditional_render=\u00bb%5B%7B%22value_role%22%3A%22administrator%22%7D%5D\u00bb offset=\u00bbvc_col-md-8&#8243;][vc_btn title=\u00bbDescubre nuestros servicios\u00bb style=\u00bbmodern\u00bb shape=\u00bbsquare\u00bb align=\u00bbleft\u00bb i_align=\u00bbright\u00bb i_icon_fontawesome=\u00bbfas fa-arrow-right\u00bb css=\u00bb.vc_custom_1752507890617{background-color: #ffffff !important;border-color: rgba(0,0,0,0.01) !important;}\u00bb skin=\u00bbprimary\u00bb btn_fs=\u00bb14px\u00bb btn_fw=\u00bb600&#8243; btn_ls=\u00bb0&#8243; el_cls=\u00bbpx-2 py-1 text-dark text-capitalize\u00bb animation_delay=\u00bb600&#8243; add_icon=\u00bbtrue\u00bb link=\u00bburl:%23&#8243; btn_icon_size=\u00bb{\u00abxl\u00ab:\u00ab14\u00ab,\u00abunit\u00ab:\u00ab\u00ab,\u00abxs\u00ab:\u00ab\u00ab,\u00absm\u00ab:\u00ab\u00ab,\u00abmd\u00ab:\u00ab\u00ab,\u00ablg\u00ab:\u00ab\u00ab}\u00bb [&hellip;]<\/p>\n","protected":false},"author":1,"featured_media":0,"parent":0,"menu_order":0,"comment_status":"closed","ping_status":"closed","template":"","meta":{"footnotes":""},"class_list":["post-2","page","type-page","status-publish","hentry"],"_links":{"self":[{"href":"https:\/\/sinergiaagencylatam.com\/index.php\/wp-json\/wp\/v2\/pages\/2","targetHints":{"allow":["GET"]}}],"collection":[{"href":"https:\/\/sinergiaagencylatam.com\/index.php\/wp-json\/wp\/v2\/pages"}],"about":[{"href":"https:\/\/sinergiaagencylatam.com\/index.php\/wp-json\/wp\/v2\/types\/page"}],"author":[{"embeddable":true,"href":"https:\/\/sinergiaagencylatam.com\/index.php\/wp-json\/wp\/v2\/users\/1"}],"replies":[{"embeddable":true,"href":"https:\/\/sinergiaagencylatam.com\/index.php\/wp-json\/wp\/v2\/comments?post=2"}],"version-history":[{"count":23,"href":"https:\/\/sinergiaagencylatam.com\/index.php\/wp-json\/wp\/v2\/pages\/2\/revisions"}],"predecessor-version":[{"id":525,"href":"https:\/\/sinergiaagencylatam.com\/index.php\/wp-json\/wp\/v2\/pages\/2\/revisions\/525"}],"wp:attachment":[{"href":"https:\/\/sinergiaagencylatam.com\/index.php\/wp-json\/wp\/v2\/media?parent=2"}],"curies":[{"name":"wp","href":"https:\/\/api.w.org\/{rel}","templated":true}]}}